{"id":1343,"date":"2024-07-17T16:25:39","date_gmt":"2024-07-17T15:25:39","guid":{"rendered":"https:\/\/www.jerseylanguageadventure.com\/abenteuer\/"},"modified":"2024-07-17T16:25:39","modified_gmt":"2024-07-17T15:25:39","slug":"abenteuer","status":"publish","type":"page","link":"https:\/\/www.jerseylanguageadventure.com\/de\/abenteuer\/","title":{"rendered":"Abenteuer"},"content":{"rendered":"<h2>&#8230;auf Englisch!<\/h2>\n<p>Mit einer Vielzahl von Land- und Wasseraktivit\u00e4ten sowie der Flexibilit\u00e4t, sich den wechselnden Gezeiten und dem Wetter anzupassen, ist unser Abenteuerprogramm mit mehreren Aktivit\u00e4ten einfach das Beste, was es gibt. Unsere Sch\u00fcler k\u00f6nnen das Abenteuer unter den bestm\u00f6glichen Bedingungen erleben. David, Ihr Englischlehrer und Guide, leitet unsere Aktivit\u00e4ten auf Jersey seit \u00fcber 17 Jahren.<\/p>\n<p>Unsere Aktivit\u00e4ten sind f\u00fcr Anf\u00e4nger geeignet und es sind keine Vorkenntnisse erforderlich, unabh\u00e4ngig von Ihrem Niveau garantieren wir ein unvergessliches Erlebnis.<\/p>\n","protected":false},"excerpt":{"rendered":"<p>&#8230;auf Englisch! Mit einer Vielzahl von Land- und Wasseraktivit\u00e4ten sowie der Flexibilit\u00e4t, sich den wechselnden Gezeiten und dem Wetter anzupassen, ist unser Abenteuerprogramm mit mehreren Aktivit\u00e4ten einfach das Beste, was es gibt. Unsere Sch\u00fcler k\u00f6nnen das Abenteuer unter den bestm\u00f6glichen Bedingungen erleben. David, Ihr Englischlehrer und Guide, leitet unsere Aktivit\u00e4ten auf Jersey seit \u00fcber 17 <a href=\"https:\/\/www.jerseylanguageadventure.com\/de\/abenteuer\/\" class=\"more-link\">&#8230;<span class=\"screen-reader-text\">  Abenteuer<\/span><\/a><\/p>\n","protected":false},"author":1,"featured_media":0,"parent":0,"menu_order":0,"comment_status":"closed","ping_status":"closed","template":"","meta":{"_acf_changed":false,"footnotes":""},"class_list":["post-1343","page","type-page","status-publish","hentry"],"acf":[],"yoast_head":"<!-- This site is optimized with the Yoast SEO plugin v25.0 - https:\/\/yoast.com\/wordpress\/plugins\/seo\/ -->\n<title>Abenteuer - Jersey Language Adventure<\/title>\n<meta name=\"robots\" content=\"index, follow, max-snippet:-1, max-image-preview:large, max-video-preview:-1\" \/>\n<link rel=\"canonical\" href=\"https:\/\/www.jerseylanguageadventure.com\/de\/abenteuer\/\" \/>\n<meta property=\"og:locale\" content=\"de_DE\" \/>\n<meta property=\"og:type\" content=\"article\" \/>\n<meta property=\"og:title\" content=\"Abenteuer - Jersey Language Adventure\" \/>\n<meta property=\"og:description\" content=\"&#8230;auf Englisch! Mit einer Vielzahl von Land- und Wasseraktivit\u00e4ten sowie der Flexibilit\u00e4t, sich den wechselnden Gezeiten und dem Wetter anzupassen, ist unser Abenteuerprogramm mit mehreren Aktivit\u00e4ten einfach das Beste, was es gibt. Unsere Sch\u00fcler k\u00f6nnen das Abenteuer unter den bestm\u00f6glichen Bedingungen erleben. David, Ihr Englischlehrer und Guide, leitet unsere Aktivit\u00e4ten auf Jersey seit \u00fcber 17 ... Abenteuer\" \/>\n<meta property=\"og:url\" content=\"https:\/\/www.jerseylanguageadventure.com\/de\/abenteuer\/\" \/>\n<meta property=\"og:site_name\" content=\"Jersey Language Adventure\" \/>\n<meta property=\"article:publisher\" content=\"http:\/\/www.facebook.com\/JerseyLanguageAdventure\" \/>\n<meta name=\"twitter:card\" content=\"summary_large_image\" \/>\n<script type=\"application\/ld+json\" class=\"yoast-schema-graph\">{\"@context\":\"https:\/\/schema.org\",\"@graph\":[{\"@type\":\"WebPage\",\"@id\":\"https:\/\/www.jerseylanguageadventure.com\/de\/abenteuer\/\",\"url\":\"https:\/\/www.jerseylanguageadventure.com\/de\/abenteuer\/\",\"name\":\"Abenteuer - Jersey Language Adventure\",\"isPartOf\":{\"@id\":\"https:\/\/www.jerseylanguageadventure.com\/de\/#website\"},\"datePublished\":\"2024-07-17T15:25:39+00:00\",\"breadcrumb\":{\"@id\":\"https:\/\/www.jerseylanguageadventure.com\/de\/abenteuer\/#breadcrumb\"},\"inLanguage\":\"de\",\"potentialAction\":[{\"@type\":\"ReadAction\",\"target\":[\"https:\/\/www.jerseylanguageadventure.com\/de\/abenteuer\/\"]}]},{\"@type\":\"BreadcrumbList\",\"@id\":\"https:\/\/www.jerseylanguageadventure.com\/de\/abenteuer\/#breadcrumb\",\"itemListElement\":[{\"@type\":\"ListItem\",\"position\":1,\"name\":\"Home\",\"item\":\"https:\/\/www.jerseylanguageadventure.com\/de\/english-school-in-jersey-uk\/\"},{\"@type\":\"ListItem\",\"position\":2,\"name\":\"Abenteuer\"}]},{\"@type\":\"WebSite\",\"@id\":\"https:\/\/www.jerseylanguageadventure.com\/de\/#website\",\"url\":\"https:\/\/www.jerseylanguageadventure.com\/de\/\",\"name\":\"Jersey Language Adventure\",\"description\":\"\",\"publisher\":{\"@id\":\"https:\/\/www.jerseylanguageadventure.com\/de\/#organization\"},\"potentialAction\":[{\"@type\":\"SearchAction\",\"target\":{\"@type\":\"EntryPoint\",\"urlTemplate\":\"https:\/\/www.jerseylanguageadventure.com\/de\/?s={search_term_string}\"},\"query-input\":{\"@type\":\"PropertyValueSpecification\",\"valueRequired\":true,\"valueName\":\"search_term_string\"}}],\"inLanguage\":\"de\"},{\"@type\":\"Organization\",\"@id\":\"https:\/\/www.jerseylanguageadventure.com\/de\/#organization\",\"name\":\"Jersey Language Adventure\",\"url\":\"https:\/\/www.jerseylanguageadventure.com\/de\/\",\"logo\":{\"@type\":\"ImageObject\",\"inLanguage\":\"de\",\"@id\":\"https:\/\/www.jerseylanguageadventure.com\/de\/#\/schema\/logo\/image\/\",\"url\":\"https:\/\/www.jerseylanguageadventure.com\/wp-content\/uploads\/2025\/02\/logo.png\",\"contentUrl\":\"https:\/\/www.jerseylanguageadventure.com\/wp-content\/uploads\/2025\/02\/logo.png\",\"width\":1000,\"height\":857,\"caption\":\"Jersey Language Adventure\"},\"image\":{\"@id\":\"https:\/\/www.jerseylanguageadventure.com\/de\/#\/schema\/logo\/image\/\"},\"sameAs\":[\"http:\/\/www.facebook.com\/JerseyLanguageAdventure\",\"https:\/\/www.instagram.com\/jerseylanguageadventure\/\",\"https:\/\/www.youtube.com\/jerseylanguageadventure\/\"]}]}<\/script>\n<!-- \/ Yoast SEO plugin. -->","yoast_head_json":{"title":"Abenteuer - Jersey Language Adventure","robots":{"index":"index","follow":"follow","max-snippet":"max-snippet:-1","max-image-preview":"max-image-preview:large","max-video-preview":"max-video-preview:-1"},"canonical":"https:\/\/www.jerseylanguageadventure.com\/de\/abenteuer\/","og_locale":"de_DE","og_type":"article","og_title":"Abenteuer - Jersey Language Adventure","og_description":"&#8230;auf Englisch! Mit einer Vielzahl von Land- und Wasseraktivit\u00e4ten sowie der Flexibilit\u00e4t, sich den wechselnden Gezeiten und dem Wetter anzupassen, ist unser Abenteuerprogramm mit mehreren Aktivit\u00e4ten einfach das Beste, was es gibt. Unsere Sch\u00fcler k\u00f6nnen das Abenteuer unter den bestm\u00f6glichen Bedingungen erleben. David, Ihr Englischlehrer und Guide, leitet unsere Aktivit\u00e4ten auf Jersey seit \u00fcber 17 ... Abenteuer","og_url":"https:\/\/www.jerseylanguageadventure.com\/de\/abenteuer\/","og_site_name":"Jersey Language Adventure","article_publisher":"http:\/\/www.facebook.com\/JerseyLanguageAdventure","twitter_card":"summary_large_image","schema":{"@context":"https:\/\/schema.org","@graph":[{"@type":"WebPage","@id":"https:\/\/www.jerseylanguageadventure.com\/de\/abenteuer\/","url":"https:\/\/www.jerseylanguageadventure.com\/de\/abenteuer\/","name":"Abenteuer - Jersey Language Adventure","isPartOf":{"@id":"https:\/\/www.jerseylanguageadventure.com\/de\/#website"},"datePublished":"2024-07-17T15:25:39+00:00","breadcrumb":{"@id":"https:\/\/www.jerseylanguageadventure.com\/de\/abenteuer\/#breadcrumb"},"inLanguage":"de","potentialAction":[{"@type":"ReadAction","target":["https:\/\/www.jerseylanguageadventure.com\/de\/abenteuer\/"]}]},{"@type":"BreadcrumbList","@id":"https:\/\/www.jerseylanguageadventure.com\/de\/abenteuer\/#breadcrumb","itemListElement":[{"@type":"ListItem","position":1,"name":"Home","item":"https:\/\/www.jerseylanguageadventure.com\/de\/english-school-in-jersey-uk\/"},{"@type":"ListItem","position":2,"name":"Abenteuer"}]},{"@type":"WebSite","@id":"https:\/\/www.jerseylanguageadventure.com\/de\/#website","url":"https:\/\/www.jerseylanguageadventure.com\/de\/","name":"Jersey Language Adventure","description":"","publisher":{"@id":"https:\/\/www.jerseylanguageadventure.com\/de\/#organization"},"potentialAction":[{"@type":"SearchAction","target":{"@type":"EntryPoint","urlTemplate":"https:\/\/www.jerseylanguageadventure.com\/de\/?s={search_term_string}"},"query-input":{"@type":"PropertyValueSpecification","valueRequired":true,"valueName":"search_term_string"}}],"inLanguage":"de"},{"@type":"Organization","@id":"https:\/\/www.jerseylanguageadventure.com\/de\/#organization","name":"Jersey Language Adventure","url":"https:\/\/www.jerseylanguageadventure.com\/de\/","logo":{"@type":"ImageObject","inLanguage":"de","@id":"https:\/\/www.jerseylanguageadventure.com\/de\/#\/schema\/logo\/image\/","url":"https:\/\/www.jerseylanguageadventure.com\/wp-content\/uploads\/2025\/02\/logo.png","contentUrl":"https:\/\/www.jerseylanguageadventure.com\/wp-content\/uploads\/2025\/02\/logo.png","width":1000,"height":857,"caption":"Jersey Language Adventure"},"image":{"@id":"https:\/\/www.jerseylanguageadventure.com\/de\/#\/schema\/logo\/image\/"},"sameAs":["http:\/\/www.facebook.com\/JerseyLanguageAdventure","https:\/\/www.instagram.com\/jerseylanguageadventure\/","https:\/\/www.youtube.com\/jerseylanguageadventure\/"]}]}},"_links":{"self":[{"href":"https:\/\/www.jerseylanguageadventure.com\/de\/wp-json\/wp\/v2\/pages\/1343","targetHints":{"allow":["GET"]}}],"collection":[{"href":"https:\/\/www.jerseylanguageadventure.com\/de\/wp-json\/wp\/v2\/pages"}],"about":[{"href":"https:\/\/www.jerseylanguageadventure.com\/de\/wp-json\/wp\/v2\/types\/page"}],"author":[{"embeddable":true,"href":"https:\/\/www.jerseylanguageadventure.com\/de\/wp-json\/wp\/v2\/users\/1"}],"replies":[{"embeddable":true,"href":"https:\/\/www.jerseylanguageadventure.com\/de\/wp-json\/wp\/v2\/comments?post=1343"}],"version-history":[{"count":0,"href":"https:\/\/www.jerseylanguageadventure.com\/de\/wp-json\/wp\/v2\/pages\/1343\/revisions"}],"wp:attachment":[{"href":"https:\/\/www.jerseylanguageadventure.com\/de\/wp-json\/wp\/v2\/media?parent=1343"}],"curies":[{"name":"wp","href":"https:\/\/api.w.org\/{rel}","templated":true}]}}