{"id":1379,"date":"2024-07-18T10:51:16","date_gmt":"2024-07-18T09:51:16","guid":{"rendered":"https:\/\/www.jerseylanguageadventure.com\/geschaeftsbedingungen\/"},"modified":"2025-03-11T18:41:48","modified_gmt":"2025-03-11T18:41:48","slug":"geschaeftsbedingungen","status":"publish","type":"page","link":"https:\/\/www.jerseylanguageadventure.com\/de\/geschaeftsbedingungen\/","title":{"rendered":"Gesch\u00e4fts<wbr>bedingungen"},"content":{"rendered":"<h2><\/h2>\n<h3>Zahlungen:<\/h3>\n<p>Zur Best\u00e4tigung Ihrer Buchung ist eine nicht r\u00fcckzahlbare Anzahlung in H\u00f6he von 50 % der Kursgeb\u00fchr erforderlich. Der Restbetrag der Kursgeb\u00fchr ist bis zum 15. Mai zu entrichten. Wenn Sie Ihre Buchung nach dem 15. Mai vornehmen, ist die gesamte Kursgeb\u00fchr bei der Anmeldung f\u00e4llig.<\/p>\n<h3>Stornierung:<\/h3>\n<p>Sollten Sie Ihren Aufenthalt innerhalb von sechs Wochen vor Kursbeginn stornieren, behalten wir uns das Recht vor, 100 % der gezahlten Kursgeb\u00fchr einzubehalten. einzubehalten.<\/p>\n<h3>Ausbleiben:<\/h3>\n<p>Wenn ein Student nicht zum Kurs erscheint, kann die Kursgeb\u00fchr nicht zur\u00fcckerstattet werden.<\/p>\n<h3>K\u00fcrzungen\/\u00c4nderungen:<\/h3>\n<p>Kunden, die ihren Aufenthalt abbrechen, haben keinen Anspruch auf R\u00fcckerstattung.<\/p>\n<h3>Reisen von und nach Jersey:<\/h3>\n<p>Jersey Language Adventure ist kein Reiseb\u00fcro. Als Service f\u00fcr unsere Kunden organisieren wir F\u00e4hrtickets von und nach Jersey.<\/p>\n<p>Jersey Language Adventure \u00fcbernimmt keine Verantwortung f\u00fcr Kosten, die durch versp\u00e4tete oder annullierte F\u00e4hren entstehen.<\/p>\n<p>Im Falle einer Last-Minute-\u00c4nderung oder Stornierung durch die F\u00e4hrgesellschaft m\u00fcssen Sie Vorkehrungen f\u00fcr Ihr Kind treffen, w\u00e4hrend es sich noch in Frankreich befindet.<\/p>\n<p>Aufgrund stornierter oder versp\u00e4teter F\u00e4hren ist keine R\u00fcckerstattung der Kursgeb\u00fchren m\u00f6glich. Dies sollte durch Ihre Reiseversicherung abgedeckt sein, deren Abschluss wir Ihnen vor Reiseantritt empfehlen.<\/p>\n","protected":false},"excerpt":{"rendered":"<p>Zahlungen: Zur Best\u00e4tigung Ihrer Buchung ist eine nicht r\u00fcckzahlbare Anzahlung in H\u00f6he von 50 % der Kursgeb\u00fchr erforderlich. Der Restbetrag der Kursgeb\u00fchr ist bis zum 15. Mai zu entrichten. Wenn Sie Ihre Buchung nach dem 15. Mai vornehmen, ist die gesamte Kursgeb\u00fchr bei der Anmeldung f\u00e4llig. Stornierung: Sollten Sie Ihren Aufenthalt innerhalb von sechs Wochen <a href=\"https:\/\/www.jerseylanguageadventure.com\/de\/geschaeftsbedingungen\/\" class=\"more-link\">&#8230;<span class=\"screen-reader-text\">  Gesch\u00e4fts&lt;wbr&gt;bedingungen<\/span><\/a><\/p>\n","protected":false},"author":1,"featured_media":0,"parent":0,"menu_order":0,"comment_status":"closed","ping_status":"closed","template":"","meta":{"_acf_changed":false,"footnotes":""},"class_list":["post-1379","page","type-page","status-publish","hentry"],"acf":[],"yoast_head":"<!-- This site is optimized with the Yoast SEO plugin v25.0 - https:\/\/yoast.com\/wordpress\/plugins\/seo\/ -->\n<title>Gesch\u00e4ftsbedingungen - Jersey Language Adventure<\/title>\n<meta name=\"robots\" content=\"index, follow, max-snippet:-1, max-image-preview:large, max-video-preview:-1\" \/>\n<link rel=\"canonical\" href=\"https:\/\/www.jerseylanguageadventure.com\/de\/geschaeftsbedingungen\/\" \/>\n<meta property=\"og:locale\" content=\"de_DE\" \/>\n<meta property=\"og:type\" content=\"article\" \/>\n<meta property=\"og:title\" content=\"Gesch\u00e4ftsbedingungen - Jersey Language Adventure\" \/>\n<meta property=\"og:description\" content=\"Zahlungen: Zur Best\u00e4tigung Ihrer Buchung ist eine nicht r\u00fcckzahlbare Anzahlung in H\u00f6he von 50 % der Kursgeb\u00fchr erforderlich. Der Restbetrag der Kursgeb\u00fchr ist bis zum 15. Mai zu entrichten. Wenn Sie Ihre Buchung nach dem 15. Mai vornehmen, ist die gesamte Kursgeb\u00fchr bei der Anmeldung f\u00e4llig. Stornierung: Sollten Sie Ihren Aufenthalt innerhalb von sechs Wochen ... Gesch\u00e4fts&lt;wbr&gt;bedingungen\" \/>\n<meta property=\"og:url\" content=\"https:\/\/www.jerseylanguageadventure.com\/de\/geschaeftsbedingungen\/\" \/>\n<meta property=\"og:site_name\" content=\"Jersey Language Adventure\" \/>\n<meta property=\"article:publisher\" content=\"http:\/\/www.facebook.com\/JerseyLanguageAdventure\" \/>\n<meta property=\"article:modified_time\" content=\"2025-03-11T18:41:48+00:00\" \/>\n<meta name=\"twitter:card\" content=\"summary_large_image\" \/>\n<meta name=\"twitter:label1\" content=\"Gesch\u00e4tzte Lesezeit\" \/>\n\t<meta name=\"twitter:data1\" content=\"1\u00a0Minute\" \/>\n<script type=\"application\/ld+json\" class=\"yoast-schema-graph\">{\"@context\":\"https:\/\/schema.org\",\"@graph\":[{\"@type\":\"WebPage\",\"@id\":\"https:\/\/www.jerseylanguageadventure.com\/de\/geschaeftsbedingungen\/\",\"url\":\"https:\/\/www.jerseylanguageadventure.com\/de\/geschaeftsbedingungen\/\",\"name\":\"Gesch\u00e4ftsbedingungen - Jersey Language Adventure\",\"isPartOf\":{\"@id\":\"https:\/\/www.jerseylanguageadventure.com\/de\/#website\"},\"datePublished\":\"2024-07-18T09:51:16+00:00\",\"dateModified\":\"2025-03-11T18:41:48+00:00\",\"breadcrumb\":{\"@id\":\"https:\/\/www.jerseylanguageadventure.com\/de\/geschaeftsbedingungen\/#breadcrumb\"},\"inLanguage\":\"de\",\"potentialAction\":[{\"@type\":\"ReadAction\",\"target\":[\"https:\/\/www.jerseylanguageadventure.com\/de\/geschaeftsbedingungen\/\"]}]},{\"@type\":\"BreadcrumbList\",\"@id\":\"https:\/\/www.jerseylanguageadventure.com\/de\/geschaeftsbedingungen\/#breadcrumb\",\"itemListElement\":[{\"@type\":\"ListItem\",\"position\":1,\"name\":\"Home\",\"item\":\"https:\/\/www.jerseylanguageadventure.com\/de\/english-school-in-jersey-uk\/\"},{\"@type\":\"ListItem\",\"position\":2,\"name\":\"Gesch\u00e4ftsbedingungen\"}]},{\"@type\":\"WebSite\",\"@id\":\"https:\/\/www.jerseylanguageadventure.com\/de\/#website\",\"url\":\"https:\/\/www.jerseylanguageadventure.com\/de\/\",\"name\":\"Jersey Language Adventure\",\"description\":\"\",\"publisher\":{\"@id\":\"https:\/\/www.jerseylanguageadventure.com\/de\/#organization\"},\"potentialAction\":[{\"@type\":\"SearchAction\",\"target\":{\"@type\":\"EntryPoint\",\"urlTemplate\":\"https:\/\/www.jerseylanguageadventure.com\/de\/?s={search_term_string}\"},\"query-input\":{\"@type\":\"PropertyValueSpecification\",\"valueRequired\":true,\"valueName\":\"search_term_string\"}}],\"inLanguage\":\"de\"},{\"@type\":\"Organization\",\"@id\":\"https:\/\/www.jerseylanguageadventure.com\/de\/#organization\",\"name\":\"Jersey Language Adventure\",\"url\":\"https:\/\/www.jerseylanguageadventure.com\/de\/\",\"logo\":{\"@type\":\"ImageObject\",\"inLanguage\":\"de\",\"@id\":\"https:\/\/www.jerseylanguageadventure.com\/de\/#\/schema\/logo\/image\/\",\"url\":\"https:\/\/www.jerseylanguageadventure.com\/wp-content\/uploads\/2025\/02\/logo.png\",\"contentUrl\":\"https:\/\/www.jerseylanguageadventure.com\/wp-content\/uploads\/2025\/02\/logo.png\",\"width\":1000,\"height\":857,\"caption\":\"Jersey Language Adventure\"},\"image\":{\"@id\":\"https:\/\/www.jerseylanguageadventure.com\/de\/#\/schema\/logo\/image\/\"},\"sameAs\":[\"http:\/\/www.facebook.com\/JerseyLanguageAdventure\",\"https:\/\/www.instagram.com\/jerseylanguageadventure\/\",\"https:\/\/www.youtube.com\/jerseylanguageadventure\/\"]}]}<\/script>\n<!-- \/ Yoast SEO plugin. -->","yoast_head_json":{"title":"Gesch\u00e4ftsbedingungen - Jersey Language Adventure","robots":{"index":"index","follow":"follow","max-snippet":"max-snippet:-1","max-image-preview":"max-image-preview:large","max-video-preview":"max-video-preview:-1"},"canonical":"https:\/\/www.jerseylanguageadventure.com\/de\/geschaeftsbedingungen\/","og_locale":"de_DE","og_type":"article","og_title":"Gesch\u00e4ftsbedingungen - Jersey Language Adventure","og_description":"Zahlungen: Zur Best\u00e4tigung Ihrer Buchung ist eine nicht r\u00fcckzahlbare Anzahlung in H\u00f6he von 50 % der Kursgeb\u00fchr erforderlich. Der Restbetrag der Kursgeb\u00fchr ist bis zum 15. Mai zu entrichten. Wenn Sie Ihre Buchung nach dem 15. Mai vornehmen, ist die gesamte Kursgeb\u00fchr bei der Anmeldung f\u00e4llig. Stornierung: Sollten Sie Ihren Aufenthalt innerhalb von sechs Wochen ... Gesch\u00e4fts&lt;wbr&gt;bedingungen","og_url":"https:\/\/www.jerseylanguageadventure.com\/de\/geschaeftsbedingungen\/","og_site_name":"Jersey Language Adventure","article_publisher":"http:\/\/www.facebook.com\/JerseyLanguageAdventure","article_modified_time":"2025-03-11T18:41:48+00:00","twitter_card":"summary_large_image","twitter_misc":{"Gesch\u00e4tzte Lesezeit":"1\u00a0Minute"},"schema":{"@context":"https:\/\/schema.org","@graph":[{"@type":"WebPage","@id":"https:\/\/www.jerseylanguageadventure.com\/de\/geschaeftsbedingungen\/","url":"https:\/\/www.jerseylanguageadventure.com\/de\/geschaeftsbedingungen\/","name":"Gesch\u00e4ftsbedingungen - Jersey Language Adventure","isPartOf":{"@id":"https:\/\/www.jerseylanguageadventure.com\/de\/#website"},"datePublished":"2024-07-18T09:51:16+00:00","dateModified":"2025-03-11T18:41:48+00:00","breadcrumb":{"@id":"https:\/\/www.jerseylanguageadventure.com\/de\/geschaeftsbedingungen\/#breadcrumb"},"inLanguage":"de","potentialAction":[{"@type":"ReadAction","target":["https:\/\/www.jerseylanguageadventure.com\/de\/geschaeftsbedingungen\/"]}]},{"@type":"BreadcrumbList","@id":"https:\/\/www.jerseylanguageadventure.com\/de\/geschaeftsbedingungen\/#breadcrumb","itemListElement":[{"@type":"ListItem","position":1,"name":"Home","item":"https:\/\/www.jerseylanguageadventure.com\/de\/english-school-in-jersey-uk\/"},{"@type":"ListItem","position":2,"name":"Gesch\u00e4ftsbedingungen"}]},{"@type":"WebSite","@id":"https:\/\/www.jerseylanguageadventure.com\/de\/#website","url":"https:\/\/www.jerseylanguageadventure.com\/de\/","name":"Jersey Language Adventure","description":"","publisher":{"@id":"https:\/\/www.jerseylanguageadventure.com\/de\/#organization"},"potentialAction":[{"@type":"SearchAction","target":{"@type":"EntryPoint","urlTemplate":"https:\/\/www.jerseylanguageadventure.com\/de\/?s={search_term_string}"},"query-input":{"@type":"PropertyValueSpecification","valueRequired":true,"valueName":"search_term_string"}}],"inLanguage":"de"},{"@type":"Organization","@id":"https:\/\/www.jerseylanguageadventure.com\/de\/#organization","name":"Jersey Language Adventure","url":"https:\/\/www.jerseylanguageadventure.com\/de\/","logo":{"@type":"ImageObject","inLanguage":"de","@id":"https:\/\/www.jerseylanguageadventure.com\/de\/#\/schema\/logo\/image\/","url":"https:\/\/www.jerseylanguageadventure.com\/wp-content\/uploads\/2025\/02\/logo.png","contentUrl":"https:\/\/www.jerseylanguageadventure.com\/wp-content\/uploads\/2025\/02\/logo.png","width":1000,"height":857,"caption":"Jersey Language Adventure"},"image":{"@id":"https:\/\/www.jerseylanguageadventure.com\/de\/#\/schema\/logo\/image\/"},"sameAs":["http:\/\/www.facebook.com\/JerseyLanguageAdventure","https:\/\/www.instagram.com\/jerseylanguageadventure\/","https:\/\/www.youtube.com\/jerseylanguageadventure\/"]}]}},"_links":{"self":[{"href":"https:\/\/www.jerseylanguageadventure.com\/de\/wp-json\/wp\/v2\/pages\/1379","targetHints":{"allow":["GET"]}}],"collection":[{"href":"https:\/\/www.jerseylanguageadventure.com\/de\/wp-json\/wp\/v2\/pages"}],"about":[{"href":"https:\/\/www.jerseylanguageadventure.com\/de\/wp-json\/wp\/v2\/types\/page"}],"author":[{"embeddable":true,"href":"https:\/\/www.jerseylanguageadventure.com\/de\/wp-json\/wp\/v2\/users\/1"}],"replies":[{"embeddable":true,"href":"https:\/\/www.jerseylanguageadventure.com\/de\/wp-json\/wp\/v2\/comments?post=1379"}],"version-history":[{"count":3,"href":"https:\/\/www.jerseylanguageadventure.com\/de\/wp-json\/wp\/v2\/pages\/1379\/revisions"}],"predecessor-version":[{"id":6171,"href":"https:\/\/www.jerseylanguageadventure.com\/de\/wp-json\/wp\/v2\/pages\/1379\/revisions\/6171"}],"wp:attachment":[{"href":"https:\/\/www.jerseylanguageadventure.com\/de\/wp-json\/wp\/v2\/media?parent=1379"}],"curies":[{"name":"wp","href":"https:\/\/api.w.org\/{rel}","templated":true}]}}