{"id":1368,"date":"2024-07-17T16:25:39","date_gmt":"2024-07-17T15:25:39","guid":{"rendered":"https:\/\/www.jerseylanguageadventure.com\/actividades-de-aventura\/"},"modified":"2024-07-17T16:25:39","modified_gmt":"2024-07-17T15:25:39","slug":"actividades-de-aventura","status":"publish","type":"page","link":"https:\/\/www.jerseylanguageadventure.com\/es\/actividades-de-aventura\/","title":{"rendered":"Actividades de aventura"},"content":{"rendered":"<h2>&#8230;en ingl\u00e9s!<\/h2>\n<p>Con una variedad de actividades terrestres y mar\u00edtimas, as\u00ed como la flexibilidad de adaptarse a las mareas y al clima cambiante, nuestro programa de multiactividades de aventura es simplemente el mejor que existe. Nuestros estudiantes pueden vivir la aventura en las mejores condiciones posibles. David, tu profesor y gu\u00eda de ingl\u00e9s, ha liderado nuestras actividades en Jersey durante m\u00e1s de 17 a\u00f1os.<\/p>\n<p>Nuestras actividades son aptas para principiantes y no es necesaria experiencia previa, pero sea cual sea tu nivel, te garantizamos una experiencia inolvidable.<\/p>\n","protected":false},"excerpt":{"rendered":"<p>&#8230;en ingl\u00e9s! Con una variedad de actividades terrestres y mar\u00edtimas, as\u00ed como la flexibilidad de adaptarse a las mareas y al clima cambiante, nuestro programa de multiactividades de aventura es simplemente el mejor que existe. Nuestros estudiantes pueden vivir la aventura en las mejores condiciones posibles. David, tu profesor y gu\u00eda de ingl\u00e9s, ha liderado <a href=\"https:\/\/www.jerseylanguageadventure.com\/es\/actividades-de-aventura\/\" class=\"more-link\">&#8230;<span class=\"screen-reader-text\">  Actividades de aventura<\/span><\/a><\/p>\n","protected":false},"author":1,"featured_media":0,"parent":0,"menu_order":0,"comment_status":"closed","ping_status":"closed","template":"","meta":{"_acf_changed":false,"footnotes":""},"class_list":["post-1368","page","type-page","status-publish","hentry"],"acf":[],"yoast_head":"<!-- This site is optimized with the Yoast SEO plugin v25.0 - https:\/\/yoast.com\/wordpress\/plugins\/seo\/ -->\n<title>Actividades de aventura - Jersey Language Adventure<\/title>\n<meta name=\"robots\" content=\"index, follow, max-snippet:-1, max-image-preview:large, max-video-preview:-1\" \/>\n<link rel=\"canonical\" href=\"https:\/\/www.jerseylanguageadventure.com\/es\/actividades-de-aventura\/\" \/>\n<meta property=\"og:locale\" content=\"es_ES\" \/>\n<meta property=\"og:type\" content=\"article\" \/>\n<meta property=\"og:title\" content=\"Actividades de aventura - Jersey Language Adventure\" \/>\n<meta property=\"og:description\" content=\"&#8230;en ingl\u00e9s! Con una variedad de actividades terrestres y mar\u00edtimas, as\u00ed como la flexibilidad de adaptarse a las mareas y al clima cambiante, nuestro programa de multiactividades de aventura es simplemente el mejor que existe. Nuestros estudiantes pueden vivir la aventura en las mejores condiciones posibles. David, tu profesor y gu\u00eda de ingl\u00e9s, ha liderado ... Actividades de aventura\" \/>\n<meta property=\"og:url\" content=\"https:\/\/www.jerseylanguageadventure.com\/es\/actividades-de-aventura\/\" \/>\n<meta property=\"og:site_name\" content=\"Jersey Language Adventure\" \/>\n<meta property=\"article:publisher\" content=\"http:\/\/www.facebook.com\/JerseyLanguageAdventure\" \/>\n<meta name=\"twitter:card\" content=\"summary_large_image\" \/>\n<script type=\"application\/ld+json\" class=\"yoast-schema-graph\">{\"@context\":\"https:\/\/schema.org\",\"@graph\":[{\"@type\":\"WebPage\",\"@id\":\"https:\/\/www.jerseylanguageadventure.com\/es\/actividades-de-aventura\/\",\"url\":\"https:\/\/www.jerseylanguageadventure.com\/es\/actividades-de-aventura\/\",\"name\":\"Actividades de aventura - Jersey Language Adventure\",\"isPartOf\":{\"@id\":\"https:\/\/www.jerseylanguageadventure.com\/es\/#website\"},\"datePublished\":\"2024-07-17T15:25:39+00:00\",\"breadcrumb\":{\"@id\":\"https:\/\/www.jerseylanguageadventure.com\/es\/actividades-de-aventura\/#breadcrumb\"},\"inLanguage\":\"es\",\"potentialAction\":[{\"@type\":\"ReadAction\",\"target\":[\"https:\/\/www.jerseylanguageadventure.com\/es\/actividades-de-aventura\/\"]}]},{\"@type\":\"BreadcrumbList\",\"@id\":\"https:\/\/www.jerseylanguageadventure.com\/es\/actividades-de-aventura\/#breadcrumb\",\"itemListElement\":[{\"@type\":\"ListItem\",\"position\":1,\"name\":\"Home\",\"item\":\"https:\/\/www.jerseylanguageadventure.com\/es\/english-school-in-jersey-uk\/\"},{\"@type\":\"ListItem\",\"position\":2,\"name\":\"Actividades de aventura\"}]},{\"@type\":\"WebSite\",\"@id\":\"https:\/\/www.jerseylanguageadventure.com\/es\/#website\",\"url\":\"https:\/\/www.jerseylanguageadventure.com\/es\/\",\"name\":\"Jersey Language Adventure\",\"description\":\"\",\"publisher\":{\"@id\":\"https:\/\/www.jerseylanguageadventure.com\/es\/#organization\"},\"potentialAction\":[{\"@type\":\"SearchAction\",\"target\":{\"@type\":\"EntryPoint\",\"urlTemplate\":\"https:\/\/www.jerseylanguageadventure.com\/es\/?s={search_term_string}\"},\"query-input\":{\"@type\":\"PropertyValueSpecification\",\"valueRequired\":true,\"valueName\":\"search_term_string\"}}],\"inLanguage\":\"es\"},{\"@type\":\"Organization\",\"@id\":\"https:\/\/www.jerseylanguageadventure.com\/es\/#organization\",\"name\":\"Jersey Language Adventure\",\"url\":\"https:\/\/www.jerseylanguageadventure.com\/es\/\",\"logo\":{\"@type\":\"ImageObject\",\"inLanguage\":\"es\",\"@id\":\"https:\/\/www.jerseylanguageadventure.com\/es\/#\/schema\/logo\/image\/\",\"url\":\"https:\/\/www.jerseylanguageadventure.com\/wp-content\/uploads\/2025\/02\/logo.png\",\"contentUrl\":\"https:\/\/www.jerseylanguageadventure.com\/wp-content\/uploads\/2025\/02\/logo.png\",\"width\":1000,\"height\":857,\"caption\":\"Jersey Language Adventure\"},\"image\":{\"@id\":\"https:\/\/www.jerseylanguageadventure.com\/es\/#\/schema\/logo\/image\/\"},\"sameAs\":[\"http:\/\/www.facebook.com\/JerseyLanguageAdventure\",\"https:\/\/www.instagram.com\/jerseylanguageadventure\/\",\"https:\/\/www.youtube.com\/jerseylanguageadventure\/\"]}]}<\/script>\n<!-- \/ Yoast SEO plugin. -->","yoast_head_json":{"title":"Actividades de aventura - Jersey Language Adventure","robots":{"index":"index","follow":"follow","max-snippet":"max-snippet:-1","max-image-preview":"max-image-preview:large","max-video-preview":"max-video-preview:-1"},"canonical":"https:\/\/www.jerseylanguageadventure.com\/es\/actividades-de-aventura\/","og_locale":"es_ES","og_type":"article","og_title":"Actividades de aventura - Jersey Language Adventure","og_description":"&#8230;en ingl\u00e9s! Con una variedad de actividades terrestres y mar\u00edtimas, as\u00ed como la flexibilidad de adaptarse a las mareas y al clima cambiante, nuestro programa de multiactividades de aventura es simplemente el mejor que existe. Nuestros estudiantes pueden vivir la aventura en las mejores condiciones posibles. David, tu profesor y gu\u00eda de ingl\u00e9s, ha liderado ... Actividades de aventura","og_url":"https:\/\/www.jerseylanguageadventure.com\/es\/actividades-de-aventura\/","og_site_name":"Jersey Language Adventure","article_publisher":"http:\/\/www.facebook.com\/JerseyLanguageAdventure","twitter_card":"summary_large_image","schema":{"@context":"https:\/\/schema.org","@graph":[{"@type":"WebPage","@id":"https:\/\/www.jerseylanguageadventure.com\/es\/actividades-de-aventura\/","url":"https:\/\/www.jerseylanguageadventure.com\/es\/actividades-de-aventura\/","name":"Actividades de aventura - Jersey Language Adventure","isPartOf":{"@id":"https:\/\/www.jerseylanguageadventure.com\/es\/#website"},"datePublished":"2024-07-17T15:25:39+00:00","breadcrumb":{"@id":"https:\/\/www.jerseylanguageadventure.com\/es\/actividades-de-aventura\/#breadcrumb"},"inLanguage":"es","potentialAction":[{"@type":"ReadAction","target":["https:\/\/www.jerseylanguageadventure.com\/es\/actividades-de-aventura\/"]}]},{"@type":"BreadcrumbList","@id":"https:\/\/www.jerseylanguageadventure.com\/es\/actividades-de-aventura\/#breadcrumb","itemListElement":[{"@type":"ListItem","position":1,"name":"Home","item":"https:\/\/www.jerseylanguageadventure.com\/es\/english-school-in-jersey-uk\/"},{"@type":"ListItem","position":2,"name":"Actividades de aventura"}]},{"@type":"WebSite","@id":"https:\/\/www.jerseylanguageadventure.com\/es\/#website","url":"https:\/\/www.jerseylanguageadventure.com\/es\/","name":"Jersey Language Adventure","description":"","publisher":{"@id":"https:\/\/www.jerseylanguageadventure.com\/es\/#organization"},"potentialAction":[{"@type":"SearchAction","target":{"@type":"EntryPoint","urlTemplate":"https:\/\/www.jerseylanguageadventure.com\/es\/?s={search_term_string}"},"query-input":{"@type":"PropertyValueSpecification","valueRequired":true,"valueName":"search_term_string"}}],"inLanguage":"es"},{"@type":"Organization","@id":"https:\/\/www.jerseylanguageadventure.com\/es\/#organization","name":"Jersey Language Adventure","url":"https:\/\/www.jerseylanguageadventure.com\/es\/","logo":{"@type":"ImageObject","inLanguage":"es","@id":"https:\/\/www.jerseylanguageadventure.com\/es\/#\/schema\/logo\/image\/","url":"https:\/\/www.jerseylanguageadventure.com\/wp-content\/uploads\/2025\/02\/logo.png","contentUrl":"https:\/\/www.jerseylanguageadventure.com\/wp-content\/uploads\/2025\/02\/logo.png","width":1000,"height":857,"caption":"Jersey Language Adventure"},"image":{"@id":"https:\/\/www.jerseylanguageadventure.com\/es\/#\/schema\/logo\/image\/"},"sameAs":["http:\/\/www.facebook.com\/JerseyLanguageAdventure","https:\/\/www.instagram.com\/jerseylanguageadventure\/","https:\/\/www.youtube.com\/jerseylanguageadventure\/"]}]}},"_links":{"self":[{"href":"https:\/\/www.jerseylanguageadventure.com\/es\/wp-json\/wp\/v2\/pages\/1368","targetHints":{"allow":["GET"]}}],"collection":[{"href":"https:\/\/www.jerseylanguageadventure.com\/es\/wp-json\/wp\/v2\/pages"}],"about":[{"href":"https:\/\/www.jerseylanguageadventure.com\/es\/wp-json\/wp\/v2\/types\/page"}],"author":[{"embeddable":true,"href":"https:\/\/www.jerseylanguageadventure.com\/es\/wp-json\/wp\/v2\/users\/1"}],"replies":[{"embeddable":true,"href":"https:\/\/www.jerseylanguageadventure.com\/es\/wp-json\/wp\/v2\/comments?post=1368"}],"version-history":[{"count":0,"href":"https:\/\/www.jerseylanguageadventure.com\/es\/wp-json\/wp\/v2\/pages\/1368\/revisions"}],"wp:attachment":[{"href":"https:\/\/www.jerseylanguageadventure.com\/es\/wp-json\/wp\/v2\/media?parent=1368"}],"curies":[{"name":"wp","href":"https:\/\/api.w.org\/{rel}","templated":true}]}}