{"id":1375,"date":"2024-07-18T10:51:03","date_gmt":"2024-07-18T09:51:03","guid":{"rendered":"https:\/\/www.jerseylanguageadventure.com\/salud-y-seguridad\/"},"modified":"2024-07-18T10:51:03","modified_gmt":"2024-07-18T09:51:03","slug":"salud-y-seguridad","status":"publish","type":"page","link":"https:\/\/www.jerseylanguageadventure.com\/es\/salud-y-seguridad\/","title":{"rendered":"Salud y seguridad"},"content":{"rendered":"<h2>You will always be in safe hands<\/h2>\n<p>&nbsp;<\/p>\n<p>Jersey Language Adventure est\u00e1 totalmente asegurado como proveedor para todas sus actividades de aventura, as\u00ed como para todos los dem\u00e1s elementos de la experiencia JLA.<\/p>\n<p>David es tu instructor de aventuras durante tu estancia en Jersey. En l\u00ednea con todos los \u00f3rganos de gobierno pertinentes, David actualiza peri\u00f3dicamente sus certificados y su historial de desarrollo profesional para mantenerse al tanto de todas las cuestiones de salud y seguridad relevantes para la empresa JLA.<\/p>\n<p>David y Lady son socorristas y actualizan sus habilidades y cualificaciones de acuerdo con los requisitos de HSE.<\/p>\n<p>David y Lady son los l\u00edderes de salvaguarda designados en JLA y mantienen las mejores pr\u00e1cticas actualizadas en todas las \u00e1reas de salvaguarda y protecci\u00f3n infantil.<\/p>\n<p>David ha liderado y entrenado actividades al aire libre durante los \u00faltimos 17 a\u00f1os.<\/p>\n<p>David y Lady, juntos tienen m\u00e1s de 30 a\u00f1os de experiencia trabajando con j\u00f3venes tanto en el sector educativo como al aire libre.<\/p>\n","protected":false},"excerpt":{"rendered":"<p>You will always be in safe hands &nbsp; Jersey Language Adventure est\u00e1 totalmente asegurado como proveedor para todas sus actividades de aventura, as\u00ed como para todos los dem\u00e1s elementos de la experiencia JLA. David es tu instructor de aventuras durante tu estancia en Jersey. En l\u00ednea con todos los \u00f3rganos de gobierno pertinentes, David actualiza <a href=\"https:\/\/www.jerseylanguageadventure.com\/es\/salud-y-seguridad\/\" class=\"more-link\">&#8230;<span class=\"screen-reader-text\">  Salud y seguridad<\/span><\/a><\/p>\n","protected":false},"author":1,"featured_media":0,"parent":0,"menu_order":0,"comment_status":"closed","ping_status":"closed","template":"","meta":{"_acf_changed":false,"footnotes":""},"class_list":["post-1375","page","type-page","status-publish","hentry"],"acf":[],"yoast_head":"<!-- This site is optimized with the Yoast SEO plugin v25.0 - https:\/\/yoast.com\/wordpress\/plugins\/seo\/ -->\n<title>Salud y seguridad - Jersey Language Adventure<\/title>\n<meta name=\"robots\" content=\"index, follow, max-snippet:-1, max-image-preview:large, max-video-preview:-1\" \/>\n<link rel=\"canonical\" href=\"https:\/\/www.jerseylanguageadventure.com\/es\/salud-y-seguridad\/\" \/>\n<meta property=\"og:locale\" content=\"es_ES\" \/>\n<meta property=\"og:type\" content=\"article\" \/>\n<meta property=\"og:title\" content=\"Salud y seguridad - Jersey Language Adventure\" \/>\n<meta property=\"og:description\" content=\"You will always be in safe hands &nbsp; Jersey Language Adventure est\u00e1 totalmente asegurado como proveedor para todas sus actividades de aventura, as\u00ed como para todos los dem\u00e1s elementos de la experiencia JLA. David es tu instructor de aventuras durante tu estancia en Jersey. En l\u00ednea con todos los \u00f3rganos de gobierno pertinentes, David actualiza ... Salud y seguridad\" \/>\n<meta property=\"og:url\" content=\"https:\/\/www.jerseylanguageadventure.com\/es\/salud-y-seguridad\/\" \/>\n<meta property=\"og:site_name\" content=\"Jersey Language Adventure\" \/>\n<meta property=\"article:publisher\" content=\"http:\/\/www.facebook.com\/JerseyLanguageAdventure\" \/>\n<meta name=\"twitter:card\" content=\"summary_large_image\" \/>\n<meta name=\"twitter:label1\" content=\"Tiempo de lectura\" \/>\n\t<meta name=\"twitter:data1\" content=\"1 minuto\" \/>\n<script type=\"application\/ld+json\" class=\"yoast-schema-graph\">{\"@context\":\"https:\/\/schema.org\",\"@graph\":[{\"@type\":\"WebPage\",\"@id\":\"https:\/\/www.jerseylanguageadventure.com\/es\/salud-y-seguridad\/\",\"url\":\"https:\/\/www.jerseylanguageadventure.com\/es\/salud-y-seguridad\/\",\"name\":\"Salud y seguridad - Jersey Language Adventure\",\"isPartOf\":{\"@id\":\"https:\/\/www.jerseylanguageadventure.com\/es\/#website\"},\"datePublished\":\"2024-07-18T09:51:03+00:00\",\"breadcrumb\":{\"@id\":\"https:\/\/www.jerseylanguageadventure.com\/es\/salud-y-seguridad\/#breadcrumb\"},\"inLanguage\":\"es\",\"potentialAction\":[{\"@type\":\"ReadAction\",\"target\":[\"https:\/\/www.jerseylanguageadventure.com\/es\/salud-y-seguridad\/\"]}]},{\"@type\":\"BreadcrumbList\",\"@id\":\"https:\/\/www.jerseylanguageadventure.com\/es\/salud-y-seguridad\/#breadcrumb\",\"itemListElement\":[{\"@type\":\"ListItem\",\"position\":1,\"name\":\"Home\",\"item\":\"https:\/\/www.jerseylanguageadventure.com\/es\/english-school-in-jersey-uk\/\"},{\"@type\":\"ListItem\",\"position\":2,\"name\":\"Salud y seguridad\"}]},{\"@type\":\"WebSite\",\"@id\":\"https:\/\/www.jerseylanguageadventure.com\/es\/#website\",\"url\":\"https:\/\/www.jerseylanguageadventure.com\/es\/\",\"name\":\"Jersey Language Adventure\",\"description\":\"\",\"publisher\":{\"@id\":\"https:\/\/www.jerseylanguageadventure.com\/es\/#organization\"},\"potentialAction\":[{\"@type\":\"SearchAction\",\"target\":{\"@type\":\"EntryPoint\",\"urlTemplate\":\"https:\/\/www.jerseylanguageadventure.com\/es\/?s={search_term_string}\"},\"query-input\":{\"@type\":\"PropertyValueSpecification\",\"valueRequired\":true,\"valueName\":\"search_term_string\"}}],\"inLanguage\":\"es\"},{\"@type\":\"Organization\",\"@id\":\"https:\/\/www.jerseylanguageadventure.com\/es\/#organization\",\"name\":\"Jersey Language Adventure\",\"url\":\"https:\/\/www.jerseylanguageadventure.com\/es\/\",\"logo\":{\"@type\":\"ImageObject\",\"inLanguage\":\"es\",\"@id\":\"https:\/\/www.jerseylanguageadventure.com\/es\/#\/schema\/logo\/image\/\",\"url\":\"https:\/\/www.jerseylanguageadventure.com\/wp-content\/uploads\/2025\/02\/logo.png\",\"contentUrl\":\"https:\/\/www.jerseylanguageadventure.com\/wp-content\/uploads\/2025\/02\/logo.png\",\"width\":1000,\"height\":857,\"caption\":\"Jersey Language Adventure\"},\"image\":{\"@id\":\"https:\/\/www.jerseylanguageadventure.com\/es\/#\/schema\/logo\/image\/\"},\"sameAs\":[\"http:\/\/www.facebook.com\/JerseyLanguageAdventure\",\"https:\/\/www.instagram.com\/jerseylanguageadventure\/\",\"https:\/\/www.youtube.com\/jerseylanguageadventure\/\"]}]}<\/script>\n<!-- \/ Yoast SEO plugin. -->","yoast_head_json":{"title":"Salud y seguridad - Jersey Language Adventure","robots":{"index":"index","follow":"follow","max-snippet":"max-snippet:-1","max-image-preview":"max-image-preview:large","max-video-preview":"max-video-preview:-1"},"canonical":"https:\/\/www.jerseylanguageadventure.com\/es\/salud-y-seguridad\/","og_locale":"es_ES","og_type":"article","og_title":"Salud y seguridad - Jersey Language Adventure","og_description":"You will always be in safe hands &nbsp; Jersey Language Adventure est\u00e1 totalmente asegurado como proveedor para todas sus actividades de aventura, as\u00ed como para todos los dem\u00e1s elementos de la experiencia JLA. David es tu instructor de aventuras durante tu estancia en Jersey. En l\u00ednea con todos los \u00f3rganos de gobierno pertinentes, David actualiza ... Salud y seguridad","og_url":"https:\/\/www.jerseylanguageadventure.com\/es\/salud-y-seguridad\/","og_site_name":"Jersey Language Adventure","article_publisher":"http:\/\/www.facebook.com\/JerseyLanguageAdventure","twitter_card":"summary_large_image","twitter_misc":{"Tiempo de lectura":"1 minuto"},"schema":{"@context":"https:\/\/schema.org","@graph":[{"@type":"WebPage","@id":"https:\/\/www.jerseylanguageadventure.com\/es\/salud-y-seguridad\/","url":"https:\/\/www.jerseylanguageadventure.com\/es\/salud-y-seguridad\/","name":"Salud y seguridad - Jersey Language Adventure","isPartOf":{"@id":"https:\/\/www.jerseylanguageadventure.com\/es\/#website"},"datePublished":"2024-07-18T09:51:03+00:00","breadcrumb":{"@id":"https:\/\/www.jerseylanguageadventure.com\/es\/salud-y-seguridad\/#breadcrumb"},"inLanguage":"es","potentialAction":[{"@type":"ReadAction","target":["https:\/\/www.jerseylanguageadventure.com\/es\/salud-y-seguridad\/"]}]},{"@type":"BreadcrumbList","@id":"https:\/\/www.jerseylanguageadventure.com\/es\/salud-y-seguridad\/#breadcrumb","itemListElement":[{"@type":"ListItem","position":1,"name":"Home","item":"https:\/\/www.jerseylanguageadventure.com\/es\/english-school-in-jersey-uk\/"},{"@type":"ListItem","position":2,"name":"Salud y seguridad"}]},{"@type":"WebSite","@id":"https:\/\/www.jerseylanguageadventure.com\/es\/#website","url":"https:\/\/www.jerseylanguageadventure.com\/es\/","name":"Jersey Language Adventure","description":"","publisher":{"@id":"https:\/\/www.jerseylanguageadventure.com\/es\/#organization"},"potentialAction":[{"@type":"SearchAction","target":{"@type":"EntryPoint","urlTemplate":"https:\/\/www.jerseylanguageadventure.com\/es\/?s={search_term_string}"},"query-input":{"@type":"PropertyValueSpecification","valueRequired":true,"valueName":"search_term_string"}}],"inLanguage":"es"},{"@type":"Organization","@id":"https:\/\/www.jerseylanguageadventure.com\/es\/#organization","name":"Jersey Language Adventure","url":"https:\/\/www.jerseylanguageadventure.com\/es\/","logo":{"@type":"ImageObject","inLanguage":"es","@id":"https:\/\/www.jerseylanguageadventure.com\/es\/#\/schema\/logo\/image\/","url":"https:\/\/www.jerseylanguageadventure.com\/wp-content\/uploads\/2025\/02\/logo.png","contentUrl":"https:\/\/www.jerseylanguageadventure.com\/wp-content\/uploads\/2025\/02\/logo.png","width":1000,"height":857,"caption":"Jersey Language Adventure"},"image":{"@id":"https:\/\/www.jerseylanguageadventure.com\/es\/#\/schema\/logo\/image\/"},"sameAs":["http:\/\/www.facebook.com\/JerseyLanguageAdventure","https:\/\/www.instagram.com\/jerseylanguageadventure\/","https:\/\/www.youtube.com\/jerseylanguageadventure\/"]}]}},"_links":{"self":[{"href":"https:\/\/www.jerseylanguageadventure.com\/es\/wp-json\/wp\/v2\/pages\/1375","targetHints":{"allow":["GET"]}}],"collection":[{"href":"https:\/\/www.jerseylanguageadventure.com\/es\/wp-json\/wp\/v2\/pages"}],"about":[{"href":"https:\/\/www.jerseylanguageadventure.com\/es\/wp-json\/wp\/v2\/types\/page"}],"author":[{"embeddable":true,"href":"https:\/\/www.jerseylanguageadventure.com\/es\/wp-json\/wp\/v2\/users\/1"}],"replies":[{"embeddable":true,"href":"https:\/\/www.jerseylanguageadventure.com\/es\/wp-json\/wp\/v2\/comments?post=1375"}],"version-history":[{"count":0,"href":"https:\/\/www.jerseylanguageadventure.com\/es\/wp-json\/wp\/v2\/pages\/1375\/revisions"}],"wp:attachment":[{"href":"https:\/\/www.jerseylanguageadventure.com\/es\/wp-json\/wp\/v2\/media?parent=1375"}],"curies":[{"name":"wp","href":"https:\/\/api.w.org\/{rel}","templated":true}]}}