{"id":1380,"date":"2024-07-18T10:51:16","date_gmt":"2024-07-18T09:51:16","guid":{"rendered":"https:\/\/www.jerseylanguageadventure.com\/terminos-y-condiciones\/"},"modified":"2025-03-11T18:54:10","modified_gmt":"2025-03-11T18:54:10","slug":"terminos-y-condiciones","status":"publish","type":"page","link":"https:\/\/www.jerseylanguageadventure.com\/es\/terminos-y-condiciones\/","title":{"rendered":"Terminos y condiciones"},"content":{"rendered":"<p>&nbsp;<\/p>\n<h3>Pagos:<\/h3>\n<p>Para confirmar la reserva, se requiere un dep\u00f3sito no reembolsable del 50 % del importe del curso. El saldo restante del importe del curso se deber\u00e1 abonar antes del 15 de mayo. Si realiza la reserva despu\u00e9s del 15 de mayo, deber\u00e1 abonar el importe total del curso en el momento de la inscripci\u00f3n.<\/p>\n<h3>Cancelaci\u00f3n:<\/h3>\n<p>En caso de que cancele su estancia dentro de las seis semanas previas al inicio del curso, nos reservamos el derecho de retener el 100 % del importe del curso abonado.<\/p>\n<h3>No llegada:<\/h3>\n<p>Si un estudiante no llega a su curso, no se podr\u00e1n reembolsar las tasas del curso.<\/p>\n<h3>Reducciones\/alteraciones:<\/h3>\n<p>Los clientes que acorten su estancia no tendr\u00e1n derecho a reembolso.<\/p>\n<h3>Viaje hacia y desde Jersey:<\/h3>\n<p>Jersey Language Adventure no es una agencia de viajes. Organizamos billetes de ferry desde y hacia Jersey como cortes\u00eda para nuestros clientes.<\/p>\n<p>Jersey Language Adventure no es responsable de los costos incurridos debido a ferries retrasados \u200b\u200bo cancelados.<\/p>\n<p>En caso de cambio o cancelaci\u00f3n de \u00faltimo momento por parte de la compa\u00f1\u00eda de ferry o a\u00e9rea, deber\u00e1 hacer los arreglos necesarios para su hijo(a) mientras a\u00fan se encuentre en Francia o en tr\u00e1nsito.<\/p>\n<p>No se podr\u00e1n realizar reembolsos del importe del curso debido a vuelos o barcos cancelados o retrasados. Esto deber\u00eda estar cubierto por su seguro de viaje, que le recomendamos contratar antes de viajar.<\/p>\n<p>&nbsp;<\/p>\n","protected":false},"excerpt":{"rendered":"<p>&nbsp; Pagos: Para confirmar la reserva, se requiere un dep\u00f3sito no reembolsable del 50 % del importe del curso. El saldo restante del importe del curso se deber\u00e1 abonar antes del 15 de mayo. Si realiza la reserva despu\u00e9s del 15 de mayo, deber\u00e1 abonar el importe total del curso en el momento de la <a href=\"https:\/\/www.jerseylanguageadventure.com\/es\/terminos-y-condiciones\/\" class=\"more-link\">&#8230;<span class=\"screen-reader-text\">  Terminos y condiciones<\/span><\/a><\/p>\n","protected":false},"author":1,"featured_media":0,"parent":0,"menu_order":0,"comment_status":"closed","ping_status":"closed","template":"","meta":{"_acf_changed":false,"footnotes":""},"class_list":["post-1380","page","type-page","status-publish","hentry"],"acf":[],"yoast_head":"<!-- This site is optimized with the Yoast SEO plugin v25.0 - https:\/\/yoast.com\/wordpress\/plugins\/seo\/ -->\n<title>Terminos y condiciones - Jersey Language Adventure<\/title>\n<meta name=\"robots\" content=\"index, follow, max-snippet:-1, max-image-preview:large, max-video-preview:-1\" \/>\n<link rel=\"canonical\" href=\"https:\/\/www.jerseylanguageadventure.com\/es\/terminos-y-condiciones\/\" \/>\n<meta property=\"og:locale\" content=\"es_ES\" \/>\n<meta property=\"og:type\" content=\"article\" \/>\n<meta property=\"og:title\" content=\"Terminos y condiciones - Jersey Language Adventure\" \/>\n<meta property=\"og:description\" content=\"&nbsp; Pagos: Para confirmar la reserva, se requiere un dep\u00f3sito no reembolsable del 50 % del importe del curso. El saldo restante del importe del curso se deber\u00e1 abonar antes del 15 de mayo. Si realiza la reserva despu\u00e9s del 15 de mayo, deber\u00e1 abonar el importe total del curso en el momento de la ... Terminos y condiciones\" \/>\n<meta property=\"og:url\" content=\"https:\/\/www.jerseylanguageadventure.com\/es\/terminos-y-condiciones\/\" \/>\n<meta property=\"og:site_name\" content=\"Jersey Language Adventure\" \/>\n<meta property=\"article:publisher\" content=\"http:\/\/www.facebook.com\/JerseyLanguageAdventure\" \/>\n<meta property=\"article:modified_time\" content=\"2025-03-11T18:54:10+00:00\" \/>\n<meta name=\"twitter:card\" content=\"summary_large_image\" \/>\n<meta name=\"twitter:label1\" content=\"Tiempo de lectura\" \/>\n\t<meta name=\"twitter:data1\" content=\"1 minuto\" \/>\n<script type=\"application\/ld+json\" class=\"yoast-schema-graph\">{\"@context\":\"https:\/\/schema.org\",\"@graph\":[{\"@type\":\"WebPage\",\"@id\":\"https:\/\/www.jerseylanguageadventure.com\/es\/terminos-y-condiciones\/\",\"url\":\"https:\/\/www.jerseylanguageadventure.com\/es\/terminos-y-condiciones\/\",\"name\":\"Terminos y condiciones - Jersey Language Adventure\",\"isPartOf\":{\"@id\":\"https:\/\/www.jerseylanguageadventure.com\/es\/#website\"},\"datePublished\":\"2024-07-18T09:51:16+00:00\",\"dateModified\":\"2025-03-11T18:54:10+00:00\",\"breadcrumb\":{\"@id\":\"https:\/\/www.jerseylanguageadventure.com\/es\/terminos-y-condiciones\/#breadcrumb\"},\"inLanguage\":\"es\",\"potentialAction\":[{\"@type\":\"ReadAction\",\"target\":[\"https:\/\/www.jerseylanguageadventure.com\/es\/terminos-y-condiciones\/\"]}]},{\"@type\":\"BreadcrumbList\",\"@id\":\"https:\/\/www.jerseylanguageadventure.com\/es\/terminos-y-condiciones\/#breadcrumb\",\"itemListElement\":[{\"@type\":\"ListItem\",\"position\":1,\"name\":\"Home\",\"item\":\"https:\/\/www.jerseylanguageadventure.com\/es\/english-school-in-jersey-uk\/\"},{\"@type\":\"ListItem\",\"position\":2,\"name\":\"Terminos y condiciones\"}]},{\"@type\":\"WebSite\",\"@id\":\"https:\/\/www.jerseylanguageadventure.com\/es\/#website\",\"url\":\"https:\/\/www.jerseylanguageadventure.com\/es\/\",\"name\":\"Jersey Language Adventure\",\"description\":\"\",\"publisher\":{\"@id\":\"https:\/\/www.jerseylanguageadventure.com\/es\/#organization\"},\"potentialAction\":[{\"@type\":\"SearchAction\",\"target\":{\"@type\":\"EntryPoint\",\"urlTemplate\":\"https:\/\/www.jerseylanguageadventure.com\/es\/?s={search_term_string}\"},\"query-input\":{\"@type\":\"PropertyValueSpecification\",\"valueRequired\":true,\"valueName\":\"search_term_string\"}}],\"inLanguage\":\"es\"},{\"@type\":\"Organization\",\"@id\":\"https:\/\/www.jerseylanguageadventure.com\/es\/#organization\",\"name\":\"Jersey Language Adventure\",\"url\":\"https:\/\/www.jerseylanguageadventure.com\/es\/\",\"logo\":{\"@type\":\"ImageObject\",\"inLanguage\":\"es\",\"@id\":\"https:\/\/www.jerseylanguageadventure.com\/es\/#\/schema\/logo\/image\/\",\"url\":\"https:\/\/www.jerseylanguageadventure.com\/wp-content\/uploads\/2025\/02\/logo.png\",\"contentUrl\":\"https:\/\/www.jerseylanguageadventure.com\/wp-content\/uploads\/2025\/02\/logo.png\",\"width\":1000,\"height\":857,\"caption\":\"Jersey Language Adventure\"},\"image\":{\"@id\":\"https:\/\/www.jerseylanguageadventure.com\/es\/#\/schema\/logo\/image\/\"},\"sameAs\":[\"http:\/\/www.facebook.com\/JerseyLanguageAdventure\",\"https:\/\/www.instagram.com\/jerseylanguageadventure\/\",\"https:\/\/www.youtube.com\/jerseylanguageadventure\/\"]}]}<\/script>\n<!-- \/ Yoast SEO plugin. -->","yoast_head_json":{"title":"Terminos y condiciones - Jersey Language Adventure","robots":{"index":"index","follow":"follow","max-snippet":"max-snippet:-1","max-image-preview":"max-image-preview:large","max-video-preview":"max-video-preview:-1"},"canonical":"https:\/\/www.jerseylanguageadventure.com\/es\/terminos-y-condiciones\/","og_locale":"es_ES","og_type":"article","og_title":"Terminos y condiciones - Jersey Language Adventure","og_description":"&nbsp; Pagos: Para confirmar la reserva, se requiere un dep\u00f3sito no reembolsable del 50 % del importe del curso. El saldo restante del importe del curso se deber\u00e1 abonar antes del 15 de mayo. Si realiza la reserva despu\u00e9s del 15 de mayo, deber\u00e1 abonar el importe total del curso en el momento de la ... Terminos y condiciones","og_url":"https:\/\/www.jerseylanguageadventure.com\/es\/terminos-y-condiciones\/","og_site_name":"Jersey Language Adventure","article_publisher":"http:\/\/www.facebook.com\/JerseyLanguageAdventure","article_modified_time":"2025-03-11T18:54:10+00:00","twitter_card":"summary_large_image","twitter_misc":{"Tiempo de lectura":"1 minuto"},"schema":{"@context":"https:\/\/schema.org","@graph":[{"@type":"WebPage","@id":"https:\/\/www.jerseylanguageadventure.com\/es\/terminos-y-condiciones\/","url":"https:\/\/www.jerseylanguageadventure.com\/es\/terminos-y-condiciones\/","name":"Terminos y condiciones - Jersey Language Adventure","isPartOf":{"@id":"https:\/\/www.jerseylanguageadventure.com\/es\/#website"},"datePublished":"2024-07-18T09:51:16+00:00","dateModified":"2025-03-11T18:54:10+00:00","breadcrumb":{"@id":"https:\/\/www.jerseylanguageadventure.com\/es\/terminos-y-condiciones\/#breadcrumb"},"inLanguage":"es","potentialAction":[{"@type":"ReadAction","target":["https:\/\/www.jerseylanguageadventure.com\/es\/terminos-y-condiciones\/"]}]},{"@type":"BreadcrumbList","@id":"https:\/\/www.jerseylanguageadventure.com\/es\/terminos-y-condiciones\/#breadcrumb","itemListElement":[{"@type":"ListItem","position":1,"name":"Home","item":"https:\/\/www.jerseylanguageadventure.com\/es\/english-school-in-jersey-uk\/"},{"@type":"ListItem","position":2,"name":"Terminos y condiciones"}]},{"@type":"WebSite","@id":"https:\/\/www.jerseylanguageadventure.com\/es\/#website","url":"https:\/\/www.jerseylanguageadventure.com\/es\/","name":"Jersey Language Adventure","description":"","publisher":{"@id":"https:\/\/www.jerseylanguageadventure.com\/es\/#organization"},"potentialAction":[{"@type":"SearchAction","target":{"@type":"EntryPoint","urlTemplate":"https:\/\/www.jerseylanguageadventure.com\/es\/?s={search_term_string}"},"query-input":{"@type":"PropertyValueSpecification","valueRequired":true,"valueName":"search_term_string"}}],"inLanguage":"es"},{"@type":"Organization","@id":"https:\/\/www.jerseylanguageadventure.com\/es\/#organization","name":"Jersey Language Adventure","url":"https:\/\/www.jerseylanguageadventure.com\/es\/","logo":{"@type":"ImageObject","inLanguage":"es","@id":"https:\/\/www.jerseylanguageadventure.com\/es\/#\/schema\/logo\/image\/","url":"https:\/\/www.jerseylanguageadventure.com\/wp-content\/uploads\/2025\/02\/logo.png","contentUrl":"https:\/\/www.jerseylanguageadventure.com\/wp-content\/uploads\/2025\/02\/logo.png","width":1000,"height":857,"caption":"Jersey Language Adventure"},"image":{"@id":"https:\/\/www.jerseylanguageadventure.com\/es\/#\/schema\/logo\/image\/"},"sameAs":["http:\/\/www.facebook.com\/JerseyLanguageAdventure","https:\/\/www.instagram.com\/jerseylanguageadventure\/","https:\/\/www.youtube.com\/jerseylanguageadventure\/"]}]}},"_links":{"self":[{"href":"https:\/\/www.jerseylanguageadventure.com\/es\/wp-json\/wp\/v2\/pages\/1380","targetHints":{"allow":["GET"]}}],"collection":[{"href":"https:\/\/www.jerseylanguageadventure.com\/es\/wp-json\/wp\/v2\/pages"}],"about":[{"href":"https:\/\/www.jerseylanguageadventure.com\/es\/wp-json\/wp\/v2\/types\/page"}],"author":[{"embeddable":true,"href":"https:\/\/www.jerseylanguageadventure.com\/es\/wp-json\/wp\/v2\/users\/1"}],"replies":[{"embeddable":true,"href":"https:\/\/www.jerseylanguageadventure.com\/es\/wp-json\/wp\/v2\/comments?post=1380"}],"version-history":[{"count":2,"href":"https:\/\/www.jerseylanguageadventure.com\/es\/wp-json\/wp\/v2\/pages\/1380\/revisions"}],"predecessor-version":[{"id":6173,"href":"https:\/\/www.jerseylanguageadventure.com\/es\/wp-json\/wp\/v2\/pages\/1380\/revisions\/6173"}],"wp:attachment":[{"href":"https:\/\/www.jerseylanguageadventure.com\/es\/wp-json\/wp\/v2\/media?parent=1380"}],"curies":[{"name":"wp","href":"https:\/\/api.w.org\/{rel}","templated":true}]}}