{"id":1376,"date":"2024-07-18T10:51:03","date_gmt":"2024-07-18T09:51:03","guid":{"rendered":"https:\/\/www.jerseylanguageadventure.com\/sante-et-securite\/"},"modified":"2024-07-18T10:51:03","modified_gmt":"2024-07-18T09:51:03","slug":"sante-et-securite","status":"publish","type":"page","link":"https:\/\/www.jerseylanguageadventure.com\/fr\/sante-et-securite\/","title":{"rendered":"Sant\u00e9 et s\u00e9curit\u00e9"},"content":{"rendered":"<h2>You will always be in safe hands<\/h2>\n<p>&nbsp;<\/p>\n<p>JLA est enti\u00e8rement assur\u00e9 en tant que fournisseur pour toutes ses activit\u00e9s d&rsquo;aventure ainsi que pour tous les autres \u00e9l\u00e9ments de l&rsquo;exp\u00e9rience JLA.<\/p>\n<p>David est votre moniteur d&rsquo;aventure pendant votre s\u00e9jour \u00e0 Jersey. En accord avec tous les organismes gouvernementaux concern\u00e9s, David met r\u00e9guli\u00e8rement \u00e0 jour ses certificats et son dossier de d\u00e9veloppement professionnel continu afin de se tenir au courant de toutes les questions de sant\u00e9 et de s\u00e9curit\u00e9 pertinentes pour l&rsquo;entreprise JLA.<\/p>\n<p>David et Lady sont tous deux secouristes et mettent \u00e0 jour leurs comp\u00e9tences et qualifications conform\u00e9ment aux exigences HSE.<\/p>\n<p>David et Lady sont les responsables d\u00e9sign\u00e9s de la sauvegarde chez JLA et maintiennent \u00e0 jour les meilleures pratiques dans tous les domaines de la sauvegarde et de la protection de l&rsquo;enfance.<\/p>\n<p>David dirige et entra\u00eene des activit\u00e9s de plein air depuis 17 ans.<\/p>\n<p>David et Lady cumulent plus de 30 ans d&rsquo;exp\u00e9rience en travaillant aupr\u00e8s des jeunes dans des contextes \u00e9ducatifs et ext\u00e9rieurs.<\/p>\n","protected":false},"excerpt":{"rendered":"<p>You will always be in safe hands &nbsp; JLA est enti\u00e8rement assur\u00e9 en tant que fournisseur pour toutes ses activit\u00e9s d&rsquo;aventure ainsi que pour tous les autres \u00e9l\u00e9ments de l&rsquo;exp\u00e9rience JLA. David est votre moniteur d&rsquo;aventure pendant votre s\u00e9jour \u00e0 Jersey. En accord avec tous les organismes gouvernementaux concern\u00e9s, David met r\u00e9guli\u00e8rement \u00e0 jour ses <a href=\"https:\/\/www.jerseylanguageadventure.com\/fr\/sante-et-securite\/\" class=\"more-link\">&#8230;<span class=\"screen-reader-text\">  Sant\u00e9 et s\u00e9curit\u00e9<\/span><\/a><\/p>\n","protected":false},"author":1,"featured_media":0,"parent":0,"menu_order":0,"comment_status":"closed","ping_status":"closed","template":"","meta":{"_acf_changed":false,"footnotes":""},"class_list":["post-1376","page","type-page","status-publish","hentry"],"acf":[],"yoast_head":"<!-- This site is optimized with the Yoast SEO plugin v25.0 - https:\/\/yoast.com\/wordpress\/plugins\/seo\/ -->\n<title>Sant\u00e9 et s\u00e9curit\u00e9 - Jersey Language Adventure<\/title>\n<meta name=\"robots\" content=\"index, follow, max-snippet:-1, max-image-preview:large, max-video-preview:-1\" \/>\n<link rel=\"canonical\" href=\"https:\/\/www.jerseylanguageadventure.com\/fr\/sante-et-securite\/\" \/>\n<meta property=\"og:locale\" content=\"fr_FR\" \/>\n<meta property=\"og:type\" content=\"article\" \/>\n<meta property=\"og:title\" content=\"Sant\u00e9 et s\u00e9curit\u00e9 - Jersey Language Adventure\" \/>\n<meta property=\"og:description\" content=\"You will always be in safe hands &nbsp; JLA est enti\u00e8rement assur\u00e9 en tant que fournisseur pour toutes ses activit\u00e9s d&rsquo;aventure ainsi que pour tous les autres \u00e9l\u00e9ments de l&rsquo;exp\u00e9rience JLA. David est votre moniteur d&rsquo;aventure pendant votre s\u00e9jour \u00e0 Jersey. En accord avec tous les organismes gouvernementaux concern\u00e9s, David met r\u00e9guli\u00e8rement \u00e0 jour ses ... Sant\u00e9 et s\u00e9curit\u00e9\" \/>\n<meta property=\"og:url\" content=\"https:\/\/www.jerseylanguageadventure.com\/fr\/sante-et-securite\/\" \/>\n<meta property=\"og:site_name\" content=\"Jersey Language Adventure\" \/>\n<meta property=\"article:publisher\" content=\"http:\/\/www.facebook.com\/JerseyLanguageAdventure\" \/>\n<meta name=\"twitter:card\" content=\"summary_large_image\" \/>\n<meta name=\"twitter:label1\" content=\"Dur\u00e9e de lecture estim\u00e9e\" \/>\n\t<meta name=\"twitter:data1\" content=\"1 minute\" \/>\n<script type=\"application\/ld+json\" class=\"yoast-schema-graph\">{\"@context\":\"https:\/\/schema.org\",\"@graph\":[{\"@type\":\"WebPage\",\"@id\":\"https:\/\/www.jerseylanguageadventure.com\/fr\/sante-et-securite\/\",\"url\":\"https:\/\/www.jerseylanguageadventure.com\/fr\/sante-et-securite\/\",\"name\":\"Sant\u00e9 et s\u00e9curit\u00e9 - Jersey Language Adventure\",\"isPartOf\":{\"@id\":\"https:\/\/www.jerseylanguageadventure.com\/fr\/#website\"},\"datePublished\":\"2024-07-18T09:51:03+00:00\",\"breadcrumb\":{\"@id\":\"https:\/\/www.jerseylanguageadventure.com\/fr\/sante-et-securite\/#breadcrumb\"},\"inLanguage\":\"fr-FR\",\"potentialAction\":[{\"@type\":\"ReadAction\",\"target\":[\"https:\/\/www.jerseylanguageadventure.com\/fr\/sante-et-securite\/\"]}]},{\"@type\":\"BreadcrumbList\",\"@id\":\"https:\/\/www.jerseylanguageadventure.com\/fr\/sante-et-securite\/#breadcrumb\",\"itemListElement\":[{\"@type\":\"ListItem\",\"position\":1,\"name\":\"Home\",\"item\":\"https:\/\/www.jerseylanguageadventure.com\/fr\/\"},{\"@type\":\"ListItem\",\"position\":2,\"name\":\"Sant\u00e9 et s\u00e9curit\u00e9\"}]},{\"@type\":\"WebSite\",\"@id\":\"https:\/\/www.jerseylanguageadventure.com\/fr\/#website\",\"url\":\"https:\/\/www.jerseylanguageadventure.com\/fr\/\",\"name\":\"Jersey Language Adventure\",\"description\":\"\",\"publisher\":{\"@id\":\"https:\/\/www.jerseylanguageadventure.com\/fr\/#organization\"},\"potentialAction\":[{\"@type\":\"SearchAction\",\"target\":{\"@type\":\"EntryPoint\",\"urlTemplate\":\"https:\/\/www.jerseylanguageadventure.com\/fr\/?s={search_term_string}\"},\"query-input\":{\"@type\":\"PropertyValueSpecification\",\"valueRequired\":true,\"valueName\":\"search_term_string\"}}],\"inLanguage\":\"fr-FR\"},{\"@type\":\"Organization\",\"@id\":\"https:\/\/www.jerseylanguageadventure.com\/fr\/#organization\",\"name\":\"Jersey Language Adventure\",\"url\":\"https:\/\/www.jerseylanguageadventure.com\/fr\/\",\"logo\":{\"@type\":\"ImageObject\",\"inLanguage\":\"fr-FR\",\"@id\":\"https:\/\/www.jerseylanguageadventure.com\/fr\/#\/schema\/logo\/image\/\",\"url\":\"https:\/\/www.jerseylanguageadventure.com\/wp-content\/uploads\/2025\/02\/logo.png\",\"contentUrl\":\"https:\/\/www.jerseylanguageadventure.com\/wp-content\/uploads\/2025\/02\/logo.png\",\"width\":1000,\"height\":857,\"caption\":\"Jersey Language Adventure\"},\"image\":{\"@id\":\"https:\/\/www.jerseylanguageadventure.com\/fr\/#\/schema\/logo\/image\/\"},\"sameAs\":[\"http:\/\/www.facebook.com\/JerseyLanguageAdventure\",\"https:\/\/www.instagram.com\/jerseylanguageadventure\/\",\"https:\/\/www.youtube.com\/jerseylanguageadventure\/\"]}]}<\/script>\n<!-- \/ Yoast SEO plugin. -->","yoast_head_json":{"title":"Sant\u00e9 et s\u00e9curit\u00e9 - Jersey Language Adventure","robots":{"index":"index","follow":"follow","max-snippet":"max-snippet:-1","max-image-preview":"max-image-preview:large","max-video-preview":"max-video-preview:-1"},"canonical":"https:\/\/www.jerseylanguageadventure.com\/fr\/sante-et-securite\/","og_locale":"fr_FR","og_type":"article","og_title":"Sant\u00e9 et s\u00e9curit\u00e9 - Jersey Language Adventure","og_description":"You will always be in safe hands &nbsp; JLA est enti\u00e8rement assur\u00e9 en tant que fournisseur pour toutes ses activit\u00e9s d&rsquo;aventure ainsi que pour tous les autres \u00e9l\u00e9ments de l&rsquo;exp\u00e9rience JLA. David est votre moniteur d&rsquo;aventure pendant votre s\u00e9jour \u00e0 Jersey. En accord avec tous les organismes gouvernementaux concern\u00e9s, David met r\u00e9guli\u00e8rement \u00e0 jour ses ... Sant\u00e9 et s\u00e9curit\u00e9","og_url":"https:\/\/www.jerseylanguageadventure.com\/fr\/sante-et-securite\/","og_site_name":"Jersey Language Adventure","article_publisher":"http:\/\/www.facebook.com\/JerseyLanguageAdventure","twitter_card":"summary_large_image","twitter_misc":{"Dur\u00e9e de lecture estim\u00e9e":"1 minute"},"schema":{"@context":"https:\/\/schema.org","@graph":[{"@type":"WebPage","@id":"https:\/\/www.jerseylanguageadventure.com\/fr\/sante-et-securite\/","url":"https:\/\/www.jerseylanguageadventure.com\/fr\/sante-et-securite\/","name":"Sant\u00e9 et s\u00e9curit\u00e9 - Jersey Language Adventure","isPartOf":{"@id":"https:\/\/www.jerseylanguageadventure.com\/fr\/#website"},"datePublished":"2024-07-18T09:51:03+00:00","breadcrumb":{"@id":"https:\/\/www.jerseylanguageadventure.com\/fr\/sante-et-securite\/#breadcrumb"},"inLanguage":"fr-FR","potentialAction":[{"@type":"ReadAction","target":["https:\/\/www.jerseylanguageadventure.com\/fr\/sante-et-securite\/"]}]},{"@type":"BreadcrumbList","@id":"https:\/\/www.jerseylanguageadventure.com\/fr\/sante-et-securite\/#breadcrumb","itemListElement":[{"@type":"ListItem","position":1,"name":"Home","item":"https:\/\/www.jerseylanguageadventure.com\/fr\/"},{"@type":"ListItem","position":2,"name":"Sant\u00e9 et s\u00e9curit\u00e9"}]},{"@type":"WebSite","@id":"https:\/\/www.jerseylanguageadventure.com\/fr\/#website","url":"https:\/\/www.jerseylanguageadventure.com\/fr\/","name":"Jersey Language Adventure","description":"","publisher":{"@id":"https:\/\/www.jerseylanguageadventure.com\/fr\/#organization"},"potentialAction":[{"@type":"SearchAction","target":{"@type":"EntryPoint","urlTemplate":"https:\/\/www.jerseylanguageadventure.com\/fr\/?s={search_term_string}"},"query-input":{"@type":"PropertyValueSpecification","valueRequired":true,"valueName":"search_term_string"}}],"inLanguage":"fr-FR"},{"@type":"Organization","@id":"https:\/\/www.jerseylanguageadventure.com\/fr\/#organization","name":"Jersey Language Adventure","url":"https:\/\/www.jerseylanguageadventure.com\/fr\/","logo":{"@type":"ImageObject","inLanguage":"fr-FR","@id":"https:\/\/www.jerseylanguageadventure.com\/fr\/#\/schema\/logo\/image\/","url":"https:\/\/www.jerseylanguageadventure.com\/wp-content\/uploads\/2025\/02\/logo.png","contentUrl":"https:\/\/www.jerseylanguageadventure.com\/wp-content\/uploads\/2025\/02\/logo.png","width":1000,"height":857,"caption":"Jersey Language Adventure"},"image":{"@id":"https:\/\/www.jerseylanguageadventure.com\/fr\/#\/schema\/logo\/image\/"},"sameAs":["http:\/\/www.facebook.com\/JerseyLanguageAdventure","https:\/\/www.instagram.com\/jerseylanguageadventure\/","https:\/\/www.youtube.com\/jerseylanguageadventure\/"]}]}},"_links":{"self":[{"href":"https:\/\/www.jerseylanguageadventure.com\/fr\/wp-json\/wp\/v2\/pages\/1376","targetHints":{"allow":["GET"]}}],"collection":[{"href":"https:\/\/www.jerseylanguageadventure.com\/fr\/wp-json\/wp\/v2\/pages"}],"about":[{"href":"https:\/\/www.jerseylanguageadventure.com\/fr\/wp-json\/wp\/v2\/types\/page"}],"author":[{"embeddable":true,"href":"https:\/\/www.jerseylanguageadventure.com\/fr\/wp-json\/wp\/v2\/users\/1"}],"replies":[{"embeddable":true,"href":"https:\/\/www.jerseylanguageadventure.com\/fr\/wp-json\/wp\/v2\/comments?post=1376"}],"version-history":[{"count":0,"href":"https:\/\/www.jerseylanguageadventure.com\/fr\/wp-json\/wp\/v2\/pages\/1376\/revisions"}],"wp:attachment":[{"href":"https:\/\/www.jerseylanguageadventure.com\/fr\/wp-json\/wp\/v2\/media?parent=1376"}],"curies":[{"name":"wp","href":"https:\/\/api.w.org\/{rel}","templated":true}]}}