{"id":1378,"date":"2024-07-18T10:51:16","date_gmt":"2024-07-18T09:51:16","guid":{"rendered":"https:\/\/www.jerseylanguageadventure.com\/termes-et-conditions\/"},"modified":"2025-03-11T18:24:50","modified_gmt":"2025-03-11T18:24:50","slug":"termes-et-conditions","status":"publish","type":"page","link":"https:\/\/www.jerseylanguageadventure.com\/fr\/termes-et-conditions\/","title":{"rendered":"Termes et conditions"},"content":{"rendered":"<h2><\/h2>\n<h3>Paiements:<\/h3>\n<p>Un acompte non remboursable correspondant \u00e0 50 % du prix du cours est requis pour confirmer votre r\u00e9servation. Le solde restant du prix du cours est exig\u00e9 avant le 15 mai. Si vous effectuez votre r\u00e9servation apr\u00e8s le 15 mai, le prix total du cours est d\u00fb \u00e0 l&rsquo;inscription.<\/p>\n<h3>Annulation:<\/h3>\n<p>Si vous annulez votre s\u00e9jour dans les six semaines pr\u00e9c\u00e9dant le d\u00e9but du cours, nous nous r\u00e9servons le droit de conserver 100 % des frais de cours pay\u00e9s.<\/p>\n<h3>Non-arriv\u00e9e:<\/h3>\n<p>Si un \u00e9tudiant ne se pr\u00e9sente pas \u00e0 son cours, les frais de cours ne pourront \u00eatre rembours\u00e9s.<\/p>\n<h3>R\u00e9ductions\/modifications:<\/h3>\n<p>Les clients \u00e9courtant leur s\u00e9jour n\u2019ont droit \u00e0 aucun remboursement.<\/p>\n<h3>Voyage vers et depuis Jersey:<\/h3>\n<p>Jersey Language Adventure n\u2019est pas une agence de voyages. Nous organisons des billets de ferry vers et depuis Jersey par courtoisie pour nos clients.<\/p>\n<p>Jersey Language Adventure n&rsquo;est pas responsable des frais encourus en raison de ferries retard\u00e9s ou annul\u00e9s.<\/p>\n<p>En cas de changement ou d&rsquo;annulation de derni\u00e8re minute de la part de la compagnie de ferry, vous devrez prendre les dispositions n\u00e9cessaires pour votre enfant pendant qu&rsquo;il est encore en France.<\/p>\n<p>Aucun remboursement des frais de cours ne peut \u00eatre accord\u00e9 en raison d&rsquo;annulations ou de retards de ferry. Cela doit \u00eatre couvert par votre assurance voyage que nous vous recommandons de souscrire avant de voyager.<\/p>\n<p>&nbsp;<\/p>\n","protected":false},"excerpt":{"rendered":"<p>Paiements: Un acompte non remboursable correspondant \u00e0 50 % du prix du cours est requis pour confirmer votre r\u00e9servation. Le solde restant du prix du cours est exig\u00e9 avant le 15 mai. Si vous effectuez votre r\u00e9servation apr\u00e8s le 15 mai, le prix total du cours est d\u00fb \u00e0 l&rsquo;inscription. Annulation: Si vous annulez votre <a href=\"https:\/\/www.jerseylanguageadventure.com\/fr\/termes-et-conditions\/\" class=\"more-link\">&#8230;<span class=\"screen-reader-text\">  Termes et conditions<\/span><\/a><\/p>\n","protected":false},"author":1,"featured_media":0,"parent":0,"menu_order":0,"comment_status":"closed","ping_status":"closed","template":"","meta":{"_acf_changed":false,"footnotes":""},"class_list":["post-1378","page","type-page","status-publish","hentry"],"acf":[],"yoast_head":"<!-- This site is optimized with the Yoast SEO plugin v25.0 - https:\/\/yoast.com\/wordpress\/plugins\/seo\/ -->\n<title>Termes et conditions - Jersey Language Adventure<\/title>\n<meta name=\"robots\" content=\"index, follow, max-snippet:-1, max-image-preview:large, max-video-preview:-1\" \/>\n<link rel=\"canonical\" href=\"https:\/\/www.jerseylanguageadventure.com\/fr\/termes-et-conditions\/\" \/>\n<meta property=\"og:locale\" content=\"fr_FR\" \/>\n<meta property=\"og:type\" content=\"article\" \/>\n<meta property=\"og:title\" content=\"Termes et conditions - Jersey Language Adventure\" \/>\n<meta property=\"og:description\" content=\"Paiements: Un acompte non remboursable correspondant \u00e0 50 % du prix du cours est requis pour confirmer votre r\u00e9servation. Le solde restant du prix du cours est exig\u00e9 avant le 15 mai. Si vous effectuez votre r\u00e9servation apr\u00e8s le 15 mai, le prix total du cours est d\u00fb \u00e0 l&rsquo;inscription. Annulation: Si vous annulez votre ... Termes et conditions\" \/>\n<meta property=\"og:url\" content=\"https:\/\/www.jerseylanguageadventure.com\/fr\/termes-et-conditions\/\" \/>\n<meta property=\"og:site_name\" content=\"Jersey Language Adventure\" \/>\n<meta property=\"article:publisher\" content=\"http:\/\/www.facebook.com\/JerseyLanguageAdventure\" \/>\n<meta property=\"article:modified_time\" content=\"2025-03-11T18:24:50+00:00\" \/>\n<meta name=\"twitter:card\" content=\"summary_large_image\" \/>\n<meta name=\"twitter:label1\" content=\"Dur\u00e9e de lecture estim\u00e9e\" \/>\n\t<meta name=\"twitter:data1\" content=\"1 minute\" \/>\n<script type=\"application\/ld+json\" class=\"yoast-schema-graph\">{\"@context\":\"https:\/\/schema.org\",\"@graph\":[{\"@type\":\"WebPage\",\"@id\":\"https:\/\/www.jerseylanguageadventure.com\/fr\/termes-et-conditions\/\",\"url\":\"https:\/\/www.jerseylanguageadventure.com\/fr\/termes-et-conditions\/\",\"name\":\"Termes et conditions - Jersey Language Adventure\",\"isPartOf\":{\"@id\":\"https:\/\/www.jerseylanguageadventure.com\/fr\/#website\"},\"datePublished\":\"2024-07-18T09:51:16+00:00\",\"dateModified\":\"2025-03-11T18:24:50+00:00\",\"breadcrumb\":{\"@id\":\"https:\/\/www.jerseylanguageadventure.com\/fr\/termes-et-conditions\/#breadcrumb\"},\"inLanguage\":\"fr-FR\",\"potentialAction\":[{\"@type\":\"ReadAction\",\"target\":[\"https:\/\/www.jerseylanguageadventure.com\/fr\/termes-et-conditions\/\"]}]},{\"@type\":\"BreadcrumbList\",\"@id\":\"https:\/\/www.jerseylanguageadventure.com\/fr\/termes-et-conditions\/#breadcrumb\",\"itemListElement\":[{\"@type\":\"ListItem\",\"position\":1,\"name\":\"Home\",\"item\":\"https:\/\/www.jerseylanguageadventure.com\/fr\/\"},{\"@type\":\"ListItem\",\"position\":2,\"name\":\"Termes et conditions\"}]},{\"@type\":\"WebSite\",\"@id\":\"https:\/\/www.jerseylanguageadventure.com\/fr\/#website\",\"url\":\"https:\/\/www.jerseylanguageadventure.com\/fr\/\",\"name\":\"Jersey Language Adventure\",\"description\":\"\",\"publisher\":{\"@id\":\"https:\/\/www.jerseylanguageadventure.com\/fr\/#organization\"},\"potentialAction\":[{\"@type\":\"SearchAction\",\"target\":{\"@type\":\"EntryPoint\",\"urlTemplate\":\"https:\/\/www.jerseylanguageadventure.com\/fr\/?s={search_term_string}\"},\"query-input\":{\"@type\":\"PropertyValueSpecification\",\"valueRequired\":true,\"valueName\":\"search_term_string\"}}],\"inLanguage\":\"fr-FR\"},{\"@type\":\"Organization\",\"@id\":\"https:\/\/www.jerseylanguageadventure.com\/fr\/#organization\",\"name\":\"Jersey Language Adventure\",\"url\":\"https:\/\/www.jerseylanguageadventure.com\/fr\/\",\"logo\":{\"@type\":\"ImageObject\",\"inLanguage\":\"fr-FR\",\"@id\":\"https:\/\/www.jerseylanguageadventure.com\/fr\/#\/schema\/logo\/image\/\",\"url\":\"https:\/\/www.jerseylanguageadventure.com\/wp-content\/uploads\/2025\/02\/logo.png\",\"contentUrl\":\"https:\/\/www.jerseylanguageadventure.com\/wp-content\/uploads\/2025\/02\/logo.png\",\"width\":1000,\"height\":857,\"caption\":\"Jersey Language Adventure\"},\"image\":{\"@id\":\"https:\/\/www.jerseylanguageadventure.com\/fr\/#\/schema\/logo\/image\/\"},\"sameAs\":[\"http:\/\/www.facebook.com\/JerseyLanguageAdventure\",\"https:\/\/www.instagram.com\/jerseylanguageadventure\/\",\"https:\/\/www.youtube.com\/jerseylanguageadventure\/\"]}]}<\/script>\n<!-- \/ Yoast SEO plugin. -->","yoast_head_json":{"title":"Termes et conditions - Jersey Language Adventure","robots":{"index":"index","follow":"follow","max-snippet":"max-snippet:-1","max-image-preview":"max-image-preview:large","max-video-preview":"max-video-preview:-1"},"canonical":"https:\/\/www.jerseylanguageadventure.com\/fr\/termes-et-conditions\/","og_locale":"fr_FR","og_type":"article","og_title":"Termes et conditions - Jersey Language Adventure","og_description":"Paiements: Un acompte non remboursable correspondant \u00e0 50 % du prix du cours est requis pour confirmer votre r\u00e9servation. Le solde restant du prix du cours est exig\u00e9 avant le 15 mai. Si vous effectuez votre r\u00e9servation apr\u00e8s le 15 mai, le prix total du cours est d\u00fb \u00e0 l&rsquo;inscription. Annulation: Si vous annulez votre ... Termes et conditions","og_url":"https:\/\/www.jerseylanguageadventure.com\/fr\/termes-et-conditions\/","og_site_name":"Jersey Language Adventure","article_publisher":"http:\/\/www.facebook.com\/JerseyLanguageAdventure","article_modified_time":"2025-03-11T18:24:50+00:00","twitter_card":"summary_large_image","twitter_misc":{"Dur\u00e9e de lecture estim\u00e9e":"1 minute"},"schema":{"@context":"https:\/\/schema.org","@graph":[{"@type":"WebPage","@id":"https:\/\/www.jerseylanguageadventure.com\/fr\/termes-et-conditions\/","url":"https:\/\/www.jerseylanguageadventure.com\/fr\/termes-et-conditions\/","name":"Termes et conditions - Jersey Language Adventure","isPartOf":{"@id":"https:\/\/www.jerseylanguageadventure.com\/fr\/#website"},"datePublished":"2024-07-18T09:51:16+00:00","dateModified":"2025-03-11T18:24:50+00:00","breadcrumb":{"@id":"https:\/\/www.jerseylanguageadventure.com\/fr\/termes-et-conditions\/#breadcrumb"},"inLanguage":"fr-FR","potentialAction":[{"@type":"ReadAction","target":["https:\/\/www.jerseylanguageadventure.com\/fr\/termes-et-conditions\/"]}]},{"@type":"BreadcrumbList","@id":"https:\/\/www.jerseylanguageadventure.com\/fr\/termes-et-conditions\/#breadcrumb","itemListElement":[{"@type":"ListItem","position":1,"name":"Home","item":"https:\/\/www.jerseylanguageadventure.com\/fr\/"},{"@type":"ListItem","position":2,"name":"Termes et conditions"}]},{"@type":"WebSite","@id":"https:\/\/www.jerseylanguageadventure.com\/fr\/#website","url":"https:\/\/www.jerseylanguageadventure.com\/fr\/","name":"Jersey Language Adventure","description":"","publisher":{"@id":"https:\/\/www.jerseylanguageadventure.com\/fr\/#organization"},"potentialAction":[{"@type":"SearchAction","target":{"@type":"EntryPoint","urlTemplate":"https:\/\/www.jerseylanguageadventure.com\/fr\/?s={search_term_string}"},"query-input":{"@type":"PropertyValueSpecification","valueRequired":true,"valueName":"search_term_string"}}],"inLanguage":"fr-FR"},{"@type":"Organization","@id":"https:\/\/www.jerseylanguageadventure.com\/fr\/#organization","name":"Jersey Language Adventure","url":"https:\/\/www.jerseylanguageadventure.com\/fr\/","logo":{"@type":"ImageObject","inLanguage":"fr-FR","@id":"https:\/\/www.jerseylanguageadventure.com\/fr\/#\/schema\/logo\/image\/","url":"https:\/\/www.jerseylanguageadventure.com\/wp-content\/uploads\/2025\/02\/logo.png","contentUrl":"https:\/\/www.jerseylanguageadventure.com\/wp-content\/uploads\/2025\/02\/logo.png","width":1000,"height":857,"caption":"Jersey Language Adventure"},"image":{"@id":"https:\/\/www.jerseylanguageadventure.com\/fr\/#\/schema\/logo\/image\/"},"sameAs":["http:\/\/www.facebook.com\/JerseyLanguageAdventure","https:\/\/www.instagram.com\/jerseylanguageadventure\/","https:\/\/www.youtube.com\/jerseylanguageadventure\/"]}]}},"_links":{"self":[{"href":"https:\/\/www.jerseylanguageadventure.com\/fr\/wp-json\/wp\/v2\/pages\/1378","targetHints":{"allow":["GET"]}}],"collection":[{"href":"https:\/\/www.jerseylanguageadventure.com\/fr\/wp-json\/wp\/v2\/pages"}],"about":[{"href":"https:\/\/www.jerseylanguageadventure.com\/fr\/wp-json\/wp\/v2\/types\/page"}],"author":[{"embeddable":true,"href":"https:\/\/www.jerseylanguageadventure.com\/fr\/wp-json\/wp\/v2\/users\/1"}],"replies":[{"embeddable":true,"href":"https:\/\/www.jerseylanguageadventure.com\/fr\/wp-json\/wp\/v2\/comments?post=1378"}],"version-history":[{"count":1,"href":"https:\/\/www.jerseylanguageadventure.com\/fr\/wp-json\/wp\/v2\/pages\/1378\/revisions"}],"predecessor-version":[{"id":6169,"href":"https:\/\/www.jerseylanguageadventure.com\/fr\/wp-json\/wp\/v2\/pages\/1378\/revisions\/6169"}],"wp:attachment":[{"href":"https:\/\/www.jerseylanguageadventure.com\/fr\/wp-json\/wp\/v2\/media?parent=1378"}],"curies":[{"name":"wp","href":"https:\/\/api.w.org\/{rel}","templated":true}]}}